{"id":2,"date":"2025-10-16T16:53:27","date_gmt":"2025-10-16T16:53:27","guid":{"rendered":"https:\/\/pokegenes.net\/?page_id=2"},"modified":"2025-10-20T02:06:06","modified_gmt":"2025-10-20T02:06:06","slug":"sample-page","status":"publish","type":"page","link":"https:\/\/pokegenes.net\/","title":{"rendered":"Inicio"},"content":{"rendered":"\n<figure class=\"wp-block-image size-full is-resized\"><a href=\"https:\/\/chat.whatsapp.com\/3HdQPT4ACGy73yfWChDxh2\"><img loading=\"lazy\" decoding=\"async\" width=\"590\" height=\"572\" src=\"https:\/\/pokegenes.net\/wp-content\/uploads\/2025\/10\/whatsapp-pokemon.png\" alt=\"\" class=\"wp-image-3016\" style=\"width:165px;height:150px\" srcset=\"https:\/\/pokegenes.net\/wp-content\/uploads\/2025\/10\/whatsapp-pokemon.png 590w, https:\/\/pokegenes.net\/wp-content\/uploads\/2025\/10\/whatsapp-pokemon-300x291.png 300w, https:\/\/pokegenes.net\/wp-content\/uploads\/2025\/10\/whatsapp-pokemon-150x145.png 150w\" sizes=\"auto, (max-width: 590px) 100vw, 590px\" \/><\/a>\n<a href=\"https:\/\/discord.com\/invite\/yxwQ27c\"><img decoding=\"async\" src=\"https:\/\/pokegenes.net\/wp-content\/uploads\/2025\/10\/Discord-logo-scaled.png\" alt=\"\" class=\"wp-image-3016\" style=\"width:230px;height:150px\"\/><\/a> <\/figure>\n\n\n\n<div class=\"wp-block-query is-layout-flow wp-block-query-is-layout-flow\"><ul class=\"wp-block-post-template is-layout-flow wp-block-post-template-is-layout-flow\"><li class=\"wp-block-post post-3057 post type-post status-publish format-standard has-post-thumbnail hentry category-giveaway category-pokegenes-net tag-comunidad tag-pokegenes tag-sorteos\">\n<h2 class=\"wp-block-post-title\"><a href=\"https:\/\/pokegenes.net\/index.php\/2025\/10\/21\/distribucion-pokeween\/\" target=\"_self\" >Distribuci\u00f3n Pokeween<\/a><\/h2>\n\n<figure class=\"alignwide wp-block-post-featured-image\"><a href=\"https:\/\/pokegenes.net\/index.php\/2025\/10\/21\/distribucion-pokeween\/\" target=\"_self\"  ><img loading=\"lazy\" decoding=\"async\" width=\"568\" height=\"318\" src=\"https:\/\/pokegenes.net\/wp-content\/uploads\/2025\/10\/Pokeween60.png\" class=\"attachment-post-thumbnail size-post-thumbnail wp-post-image\" alt=\"Distribuci\u00f3n Pokeween\" style=\"object-fit:cover;\" srcset=\"https:\/\/pokegenes.net\/wp-content\/uploads\/2025\/10\/Pokeween60.png 568w, https:\/\/pokegenes.net\/wp-content\/uploads\/2025\/10\/Pokeween60-300x168.png 300w, https:\/\/pokegenes.net\/wp-content\/uploads\/2025\/10\/Pokeween60-150x84.png 150w\" sizes=\"auto, (max-width: 568px) 100vw, 568px\" \/><\/a><\/figure>\n\n<div class=\"wp-block-post-excerpt\"><p class=\"wp-block-post-excerpt__excerpt\">Cerraremos el mes de octubre con una distribuci\u00f3n gratuita de fantasmas, hemos seleccionado 3 Pok\u00e9mon que ser\u00e1n enviados con una <\/p><\/div>\n\n\n<hr class=\"wp-block-separator has-css-opacity\"\/>\n\n\n<div class=\"wp-block-post-date\"><time datetime=\"2025-10-21T01:56:13-03:00\">octubre 21, 2025<\/time><\/div>\n<\/li><li class=\"wp-block-post post-1 post type-post status-publish format-standard has-post-thumbnail hentry category-noticias category-pokegenes-net tag-comunidad tag-pokegenes tag-sorteos tag-whatsapp\">\n<h2 class=\"wp-block-post-title\"><a href=\"https:\/\/pokegenes.net\/index.php\/2025\/10\/16\/regresa-pokegenes-net\/\" target=\"_self\" >Regreso de la Comunidad PokeGenes en 2025<\/a><\/h2>\n\n<figure class=\"alignwide wp-block-post-featured-image\"><a href=\"https:\/\/pokegenes.net\/index.php\/2025\/10\/16\/regresa-pokegenes-net\/\" target=\"_self\"  ><img loading=\"lazy\" decoding=\"async\" width=\"568\" height=\"318\" src=\"https:\/\/pokegenes.net\/wp-content\/uploads\/2025\/10\/15bb51_a6e4efcba0534e45ae93dd530c652fe9mv2.avif\" class=\"attachment-post-thumbnail size-post-thumbnail wp-post-image\" alt=\"Regreso de la Comunidad PokeGenes en 2025\" style=\"object-fit:cover;\" srcset=\"https:\/\/pokegenes.net\/wp-content\/uploads\/2025\/10\/15bb51_a6e4efcba0534e45ae93dd530c652fe9mv2.avif 568w, https:\/\/pokegenes.net\/wp-content\/uploads\/2025\/10\/15bb51_a6e4efcba0534e45ae93dd530c652fe9mv2-300x168.avif 300w, https:\/\/pokegenes.net\/wp-content\/uploads\/2025\/10\/15bb51_a6e4efcba0534e45ae93dd530c652fe9mv2-150x84.avif 150w\" sizes=\"auto, (max-width: 568px) 100vw, 568px\" \/><\/a><\/figure>\n\n<div class=\"wp-block-post-excerpt\"><p class=\"wp-block-post-excerpt__excerpt\">A pesar de que hemos estado por algunos a\u00f1os offline, este 2025 nos hemos preparado para regresar como comunidad, donde <\/p><\/div>\n\n\n<hr class=\"wp-block-separator has-css-opacity\"\/>\n\n\n<div class=\"wp-block-post-date\"><time datetime=\"2025-10-16T16:53:27-03:00\">octubre 16, 2025<\/time><\/div>\n<\/li><\/ul><\/div>\n\n\n<div data-block-name=\"woocommerce\/featured-product\" data-edit-mode=\"false\" data-min-height=\"262\" data-product-id=\"1234\" class=\"wc-block-featured-product alignnone has-background-dim wp-block-woocommerce-featured-product\" style=\"min-height:262px;\"><div class=\"wc-block-featured-product__wrapper\"><div class=\"background-dim__overlay\" style=\"background-color: #000000\"><\/div><img decoding=\"async\" alt=\"#1008 Miraidon\" class=\"wc-block-featured-product__background-image\" src=\"https:\/\/pokegenes.net\/wp-content\/uploads\/2025\/10\/miraidon.avif\" style=\"object-fit: none;object-position: 50% 50%;\" \/><h2 class=\"wc-block-featured-product__title\">#1008 Miraidon<\/h2><div class=\"wc-block-featured-product__description\"><\/div><div class=\"wc-block-featured-product__price\"><del aria-hidden=\"true\"><span class=\"woocommerce-Price-amount amount\"><span class=\"woocommerce-Price-currencySymbol\">&#036;<\/span>&nbsp;4,02<\/span><\/del> <span class=\"screen-reader-text\">El precio original era: &#036;&nbsp;4,02.<\/span><ins aria-hidden=\"true\"><span class=\"woocommerce-Price-amount amount\"><span class=\"woocommerce-Price-currencySymbol\">&#036;<\/span>&nbsp;1,99<\/span><\/ins><span class=\"screen-reader-text\">El precio actual es: &#036;&nbsp;1,99.<\/span><\/div><div class=\"wc-block-featured-product__inner-blocks\">\n\n<div class=\"wp-block-buttons is-content-justification-center is-layout-flex wp-container-core-buttons-is-layout-16018d1d wp-block-buttons-is-layout-flex\">\n<div class=\"wp-block-button\"><a class=\"wp-block-button__link wp-element-button\" href=\"https:\/\/pokegenes.net\/index.php\/product\/1008-miraidon\/\">Shop now<\/a><\/div>\n<\/div>\n\n<\/div><\/div><\/div>\n\n\n<p><\/p>\n","protected":false},"excerpt":{"rendered":"","protected":false},"author":1,"featured_media":0,"parent":0,"menu_order":0,"comment_status":"closed","ping_status":"open","template":"","meta":{"footnotes":""},"class_list":["post-2","page","type-page","status-publish","hentry"],"yoast_head":"<!-- This site is optimized with the Yoast SEO plugin v26.2 - https:\/\/yoast.com\/wordpress\/plugins\/seo\/ -->\n<title>Inicio - PokeGenes<\/title>\n<meta name=\"robots\" content=\"index, follow, max-snippet:-1, max-image-preview:large, max-video-preview:-1\" \/>\n<link rel=\"canonical\" href=\"https:\/\/pokegenes.net\/\" \/>\n<meta property=\"og:locale\" content=\"es_ES\" \/>\n<meta property=\"og:type\" content=\"article\" \/>\n<meta property=\"og:title\" content=\"Inicio - PokeGenes\" \/>\n<meta property=\"og:url\" content=\"https:\/\/pokegenes.net\/\" \/>\n<meta property=\"og:site_name\" content=\"PokeGenes\" \/>\n<meta property=\"article:modified_time\" content=\"2025-10-20T02:06:06+00:00\" \/>\n<meta property=\"og:image\" content=\"https:\/\/pokegenes.net\/wp-content\/uploads\/2025\/10\/whatsapp-pokemon.png\" \/>\n\t<meta property=\"og:image:width\" content=\"590\" \/>\n\t<meta property=\"og:image:height\" content=\"572\" \/>\n\t<meta property=\"og:image:type\" content=\"image\/png\" \/>\n<meta name=\"twitter:card\" content=\"summary_large_image\" \/>\n<meta name=\"twitter:site\" content=\"@PokeGenes\" \/>\n<script type=\"application\/ld+json\" class=\"yoast-schema-graph\">{\"@context\":\"https:\/\/schema.org\",\"@graph\":[{\"@type\":\"WebPage\",\"@id\":\"https:\/\/pokegenes.net\/\",\"url\":\"https:\/\/pokegenes.net\/\",\"name\":\"Inicio - PokeGenes\",\"isPartOf\":{\"@id\":\"https:\/\/pokegenes.net\/#website\"},\"primaryImageOfPage\":{\"@id\":\"https:\/\/pokegenes.net\/#primaryimage\"},\"image\":{\"@id\":\"https:\/\/pokegenes.net\/#primaryimage\"},\"thumbnailUrl\":\"https:\/\/pokegenes.net\/wp-content\/uploads\/2025\/10\/whatsapp-pokemon.png\",\"datePublished\":\"2025-10-16T16:53:27+00:00\",\"dateModified\":\"2025-10-20T02:06:06+00:00\",\"breadcrumb\":{\"@id\":\"https:\/\/pokegenes.net\/#breadcrumb\"},\"inLanguage\":\"es\",\"potentialAction\":[{\"@type\":\"ReadAction\",\"target\":[\"https:\/\/pokegenes.net\/\"]}]},{\"@type\":\"ImageObject\",\"inLanguage\":\"es\",\"@id\":\"https:\/\/pokegenes.net\/#primaryimage\",\"url\":\"https:\/\/pokegenes.net\/wp-content\/uploads\/2025\/10\/whatsapp-pokemon.png\",\"contentUrl\":\"https:\/\/pokegenes.net\/wp-content\/uploads\/2025\/10\/whatsapp-pokemon.png\",\"width\":590,\"height\":572},{\"@type\":\"BreadcrumbList\",\"@id\":\"https:\/\/pokegenes.net\/#breadcrumb\",\"itemListElement\":[{\"@type\":\"ListItem\",\"position\":1,\"name\":\"Home\",\"item\":\"https:\/\/pokegenes.net\/\"},{\"@type\":\"ListItem\",\"position\":2,\"name\":\"Inicio\"}]},{\"@type\":\"WebSite\",\"@id\":\"https:\/\/pokegenes.net\/#website\",\"url\":\"https:\/\/pokegenes.net\/\",\"name\":\"PokeGenes.net\",\"description\":\"Comunidad hispanohablante de Pok\u00e9mon, creada en 2015 y focada en eventos, sorteos, torneos, intercambios y jugar en grupo\",\"publisher\":{\"@id\":\"https:\/\/pokegenes.net\/#organization\"},\"alternateName\":\"PokeGen.es\",\"potentialAction\":[{\"@type\":\"SearchAction\",\"target\":{\"@type\":\"EntryPoint\",\"urlTemplate\":\"https:\/\/pokegenes.net\/?s={search_term_string}\"},\"query-input\":{\"@type\":\"PropertyValueSpecification\",\"valueRequired\":true,\"valueName\":\"search_term_string\"}}],\"inLanguage\":\"es\"},{\"@type\":\"Organization\",\"@id\":\"https:\/\/pokegenes.net\/#organization\",\"name\":\"PokeGenes\",\"url\":\"https:\/\/pokegenes.net\/\",\"logo\":{\"@type\":\"ImageObject\",\"inLanguage\":\"es\",\"@id\":\"https:\/\/pokegenes.net\/#\/schema\/logo\/image\/\",\"url\":\"https:\/\/pokegenes.net\/wp-content\/uploads\/2025\/10\/458988565_2116248962092951_6396600098049347979_n.png\",\"contentUrl\":\"https:\/\/pokegenes.net\/wp-content\/uploads\/2025\/10\/458988565_2116248962092951_6396600098049347979_n.png\",\"width\":491,\"height\":655,\"caption\":\"PokeGenes\"},\"image\":{\"@id\":\"https:\/\/pokegenes.net\/#\/schema\/logo\/image\/\"},\"sameAs\":[\"https:\/\/x.com\/PokeGenes\"]}]}<\/script>\n<!-- \/ Yoast SEO plugin. -->","yoast_head_json":{"title":"Inicio - PokeGenes","robots":{"index":"index","follow":"follow","max-snippet":"max-snippet:-1","max-image-preview":"max-image-preview:large","max-video-preview":"max-video-preview:-1"},"canonical":"https:\/\/pokegenes.net\/","og_locale":"es_ES","og_type":"article","og_title":"Inicio - PokeGenes","og_url":"https:\/\/pokegenes.net\/","og_site_name":"PokeGenes","article_modified_time":"2025-10-20T02:06:06+00:00","og_image":[{"width":590,"height":572,"url":"https:\/\/pokegenes.net\/wp-content\/uploads\/2025\/10\/whatsapp-pokemon.png","type":"image\/png"}],"twitter_card":"summary_large_image","twitter_site":"@PokeGenes","schema":{"@context":"https:\/\/schema.org","@graph":[{"@type":"WebPage","@id":"https:\/\/pokegenes.net\/","url":"https:\/\/pokegenes.net\/","name":"Inicio - PokeGenes","isPartOf":{"@id":"https:\/\/pokegenes.net\/#website"},"primaryImageOfPage":{"@id":"https:\/\/pokegenes.net\/#primaryimage"},"image":{"@id":"https:\/\/pokegenes.net\/#primaryimage"},"thumbnailUrl":"https:\/\/pokegenes.net\/wp-content\/uploads\/2025\/10\/whatsapp-pokemon.png","datePublished":"2025-10-16T16:53:27+00:00","dateModified":"2025-10-20T02:06:06+00:00","breadcrumb":{"@id":"https:\/\/pokegenes.net\/#breadcrumb"},"inLanguage":"es","potentialAction":[{"@type":"ReadAction","target":["https:\/\/pokegenes.net\/"]}]},{"@type":"ImageObject","inLanguage":"es","@id":"https:\/\/pokegenes.net\/#primaryimage","url":"https:\/\/pokegenes.net\/wp-content\/uploads\/2025\/10\/whatsapp-pokemon.png","contentUrl":"https:\/\/pokegenes.net\/wp-content\/uploads\/2025\/10\/whatsapp-pokemon.png","width":590,"height":572},{"@type":"BreadcrumbList","@id":"https:\/\/pokegenes.net\/#breadcrumb","itemListElement":[{"@type":"ListItem","position":1,"name":"Home","item":"https:\/\/pokegenes.net\/"},{"@type":"ListItem","position":2,"name":"Inicio"}]},{"@type":"WebSite","@id":"https:\/\/pokegenes.net\/#website","url":"https:\/\/pokegenes.net\/","name":"PokeGenes.net","description":"Comunidad hispanohablante de Pok\u00e9mon, creada en 2015 y focada en eventos, sorteos, torneos, intercambios y jugar en grupo","publisher":{"@id":"https:\/\/pokegenes.net\/#organization"},"alternateName":"PokeGen.es","potentialAction":[{"@type":"SearchAction","target":{"@type":"EntryPoint","urlTemplate":"https:\/\/pokegenes.net\/?s={search_term_string}"},"query-input":{"@type":"PropertyValueSpecification","valueRequired":true,"valueName":"search_term_string"}}],"inLanguage":"es"},{"@type":"Organization","@id":"https:\/\/pokegenes.net\/#organization","name":"PokeGenes","url":"https:\/\/pokegenes.net\/","logo":{"@type":"ImageObject","inLanguage":"es","@id":"https:\/\/pokegenes.net\/#\/schema\/logo\/image\/","url":"https:\/\/pokegenes.net\/wp-content\/uploads\/2025\/10\/458988565_2116248962092951_6396600098049347979_n.png","contentUrl":"https:\/\/pokegenes.net\/wp-content\/uploads\/2025\/10\/458988565_2116248962092951_6396600098049347979_n.png","width":491,"height":655,"caption":"PokeGenes"},"image":{"@id":"https:\/\/pokegenes.net\/#\/schema\/logo\/image\/"},"sameAs":["https:\/\/x.com\/PokeGenes"]}]}},"jetpack_sharing_enabled":true,"jetpack_likes_enabled":true,"_links":{"self":[{"href":"https:\/\/pokegenes.net\/index.php\/wp-json\/wp\/v2\/pages\/2","targetHints":{"allow":["GET"]}}],"collection":[{"href":"https:\/\/pokegenes.net\/index.php\/wp-json\/wp\/v2\/pages"}],"about":[{"href":"https:\/\/pokegenes.net\/index.php\/wp-json\/wp\/v2\/types\/page"}],"author":[{"embeddable":true,"href":"https:\/\/pokegenes.net\/index.php\/wp-json\/wp\/v2\/users\/1"}],"replies":[{"embeddable":true,"href":"https:\/\/pokegenes.net\/index.php\/wp-json\/wp\/v2\/comments?post=2"}],"version-history":[{"count":22,"href":"https:\/\/pokegenes.net\/index.php\/wp-json\/wp\/v2\/pages\/2\/revisions"}],"predecessor-version":[{"id":3055,"href":"https:\/\/pokegenes.net\/index.php\/wp-json\/wp\/v2\/pages\/2\/revisions\/3055"}],"wp:attachment":[{"href":"https:\/\/pokegenes.net\/index.php\/wp-json\/wp\/v2\/media?parent=2"}],"curies":[{"name":"wp","href":"https:\/\/api.w.org\/{rel}","templated":true}]}}